{"id":15504,"date":"2025-03-04T14:06:57","date_gmt":"2025-03-04T13:06:57","guid":{"rendered":"https:\/\/www.praeventionsguidepsyche.de\/?page_id=15504"},"modified":"2026-01-22T18:36:44","modified_gmt":"2026-01-22T17:36:44","slug":"psygap","status":"publish","type":"page","link":"https:\/\/praeventionsguidepsyche.de\/index.php\/psygap\/","title":{"rendered":"PsyGAP"},"content":{"rendered":"<div id='full_slider_1'  class='avia-fullwidth-slider main_color avia-shadow   avia-builder-el-0  el_before_av_textblock  avia-builder-el-first   container_wrap sidebar_right'  ><div  class='avia-slideshow av-m7ubnuau-953d88d07732d84cc489571b35c19f26 avia-slideshow-no scaling av_slideshow_full avia-slide-slider av-slideshow-ui av-control-default av-slideshow-manual av-loop-once av-loop-manual-endless av-default-height-applied   avia-slideshow-1' data-slideshow-options=\"{&quot;animation&quot;:&quot;slide&quot;,&quot;autoplay&quot;:false,&quot;loop_autoplay&quot;:&quot;once&quot;,&quot;interval&quot;:5,&quot;loop_manual&quot;:&quot;manual-endless&quot;,&quot;autoplay_stopper&quot;:false,&quot;noNavigation&quot;:false,&quot;bg_slider&quot;:false,&quot;keep_padding&quot;:false,&quot;hoverpause&quot;:false,&quot;show_slide_delay&quot;:0}\"  itemprop=\"image\" itemscope=\"itemscope\" itemtype=\"https:\/\/schema.org\/ImageObject\" ><ul class='avia-slideshow-inner ' style='padding-bottom: 28.685803553993%;'><li  class='avia-slideshow-slide av-m7ubnuau-953d88d07732d84cc489571b35c19f26__0  av-single-slide slide-1 slide-odd'><div data-rel='slideshow-1' class='avia-slide-wrap '   ><img decoding=\"async\" fetchpriority=\"high\" class=\"wp-image-15526 avia-img-lazy-loading-not-15526\"  src=\"https:\/\/praeventionsguidepsyche.de\/wp-content\/uploads\/2025\/03\/PsyGAP-Projekt-Banner.png\" width=\"5121\" height=\"1469\" title='PsyGAP Projekt Banner' alt=''  itemprop=\"thumbnailUrl\" srcset=\"https:\/\/praeventionsguidepsyche.de\/wp-content\/uploads\/2025\/03\/PsyGAP-Projekt-Banner.png 5121w, https:\/\/praeventionsguidepsyche.de\/wp-content\/uploads\/2025\/03\/PsyGAP-Projekt-Banner-300x86.png 300w, https:\/\/praeventionsguidepsyche.de\/wp-content\/uploads\/2025\/03\/PsyGAP-Projekt-Banner-1030x295.png 1030w, https:\/\/praeventionsguidepsyche.de\/wp-content\/uploads\/2025\/03\/PsyGAP-Projekt-Banner-768x220.png 768w, https:\/\/praeventionsguidepsyche.de\/wp-content\/uploads\/2025\/03\/PsyGAP-Projekt-Banner-1536x441.png 1536w, https:\/\/praeventionsguidepsyche.de\/wp-content\/uploads\/2025\/03\/PsyGAP-Projekt-Banner-2048x587.png 2048w, https:\/\/praeventionsguidepsyche.de\/wp-content\/uploads\/2025\/03\/PsyGAP-Projekt-Banner-1500x430.png 1500w, https:\/\/praeventionsguidepsyche.de\/wp-content\/uploads\/2025\/03\/PsyGAP-Projekt-Banner-705x202.png 705w\" sizes=\"(max-width: 5121px) 100vw, 5121px\" \/><\/div><\/li><\/ul><\/div><\/div><div id='after_full_slider_1'  class='main_color av_default_container_wrap container_wrap sidebar_right'  ><div class='container av-section-cont-open' ><div class='template-page content  av-content-small alpha units'><div class='post-entry post-entry-type-page post-entry-15504'><div class='entry-content-wrapper clearfix'>\n\n<style type=\"text\/css\" data-created_by=\"avia_inline_auto\" id=\"style-css-av-m7ugteju-7c4c715ed8526501a44d5626ae222c24\">\n#top .av_textblock_section.av-m7ugteju-7c4c715ed8526501a44d5626ae222c24 .avia_textblock{\ncolor:#001975;\n}\n<\/style>\n<section  class='av_textblock_section av-m7ugteju-7c4c715ed8526501a44d5626ae222c24 '   itemscope=\"itemscope\" itemtype=\"https:\/\/schema.org\/CreativeWork\" ><div class='avia_textblock av_inherit_color'  itemprop=\"text\" ><h1>PsyGAP &#8211; Projekt<\/h1>\n<h3><\/h3>\n<\/div><\/section>\n\n<style type=\"text\/css\" data-created_by=\"avia_inline_auto\" id=\"style-css-av-g73am6b-730d520b8498f9af40ffcd4b30f2b622\">\n#top .hr.hr-invisible.av-g73am6b-730d520b8498f9af40ffcd4b30f2b622{\nheight:10px;\n}\n<\/style>\n<div  class='hr av-g73am6b-730d520b8498f9af40ffcd4b30f2b622 hr-invisible  avia-builder-el-2  el_after_av_textblock  el_before_av_one_half '><span class='hr-inner '><span class=\"hr-inner-style\"><\/span><\/span><\/div>\n<div class='flex_column_table av-m7ugxfog-6e6031713aa73dd8148d11bdb8c3334e sc-av_one_half av-equal-height-column-flextable'>\n<style type=\"text\/css\" data-created_by=\"avia_inline_auto\" id=\"style-css-av-m7ugxfog-6e6031713aa73dd8148d11bdb8c3334e\">\n.flex_column.av-m7ugxfog-6e6031713aa73dd8148d11bdb8c3334e{\nbackground-color:#001975;\n}\n<\/style>\n<div  class='flex_column av-m7ugxfog-6e6031713aa73dd8148d11bdb8c3334e av_one_half  avia-builder-el-3  el_after_av_hr  el_before_av_one_half  first no_margin flex_column_table_cell av-equal-height-column av-align-top  '     ><p>\n<style type=\"text\/css\" data-created_by=\"avia_inline_auto\" id=\"style-css-av-fvb5etf-a9bb52336219c4961b061b7dae39534e\">\n#top .hr.hr-invisible.av-fvb5etf-a9bb52336219c4961b061b7dae39534e{\nheight:50px;\n}\n<\/style>\n<div  class='hr av-fvb5etf-a9bb52336219c4961b061b7dae39534e hr-invisible  avia-builder-el-4  el_before_av_image  avia-builder-el-first '><span class='hr-inner '><span class=\"hr-inner-style\"><\/span><\/span><\/div><br \/>\n\n<style type=\"text\/css\" data-created_by=\"avia_inline_auto\" id=\"style-css-av-m7uh08kb-4326af7a9b4a20d14314e3068b6f5184\">\n.avia-image-container.av-m7uh08kb-4326af7a9b4a20d14314e3068b6f5184 img.avia_image{\nbox-shadow:none;\n}\n.avia-image-container.av-m7uh08kb-4326af7a9b4a20d14314e3068b6f5184 .av-image-caption-overlay-center{\ncolor:#ffffff;\n}\n<\/style>\n<div  class='avia-image-container av-m7uh08kb-4326af7a9b4a20d14314e3068b6f5184 av-styling- avia-align-center  avia-builder-el-5  el_after_av_hr  el_before_av_hr '   itemprop=\"image\" itemscope=\"itemscope\" itemtype=\"https:\/\/schema.org\/ImageObject\" ><div class=\"avia-image-container-inner\"><div class=\"avia-image-overlay-wrap\"><img decoding=\"async\" fetchpriority=\"high\" class='wp-image-15506 avia-img-lazy-loading-not-15506 avia_image ' src=\"https:\/\/praeventionsguidepsyche.de\/wp-content\/uploads\/2025\/03\/ASUG-300x225.png\" alt='' title='ASUG'  height=\"225\" width=\"300\"  itemprop=\"thumbnailUrl\" srcset=\"https:\/\/praeventionsguidepsyche.de\/wp-content\/uploads\/2025\/03\/ASUG-300x225.png 300w, https:\/\/praeventionsguidepsyche.de\/wp-content\/uploads\/2025\/03\/ASUG.png 515w\" sizes=\"(max-width: 300px) 100vw, 300px\" \/><\/div><\/div><\/div><br \/>\n\n<style type=\"text\/css\" data-created_by=\"avia_inline_auto\" id=\"style-css-av-1zafg7k-2004aa9b307ec073e8f3122acc01fb59\">\n#top .hr.hr-invisible.av-1zafg7k-2004aa9b307ec073e8f3122acc01fb59{\nheight:50px;\n}\n<\/style>\n<div  class='hr av-1zafg7k-2004aa9b307ec073e8f3122acc01fb59 hr-invisible  avia-builder-el-6  el_after_av_image  avia-builder-el-last '><span class='hr-inner '><span class=\"hr-inner-style\"><\/span><\/span><\/div><\/p><\/div>\n\n<style type=\"text\/css\" data-created_by=\"avia_inline_auto\" id=\"style-css-av-m7uhhlsq-69ceca9927188255920f5cf95c3f31e3\">\n.flex_column.av-m7uhhlsq-69ceca9927188255920f5cf95c3f31e3{\npadding:2% 2% 2% 2%;\nbackground-color:#cbdefe;\n}\n<\/style>\n<div  class='flex_column av-m7uhhlsq-69ceca9927188255920f5cf95c3f31e3 av_one_half  avia-builder-el-7  el_after_av_one_half  el_before_av_hr  no_margin flex_column_table_cell av-equal-height-column av-align-top  '     ><style type=\"text\/css\" data-created_by=\"avia_inline_auto\" id=\"style-css-av-m7uheq8d-289fd80a4716172a6142246b5f936f49\">\n#top .av_textblock_section.av-m7uheq8d-289fd80a4716172a6142246b5f936f49 .avia_textblock{\ncolor:#001975;\n}\n<\/style>\n<section  class='av_textblock_section av-m7uheq8d-289fd80a4716172a6142246b5f936f49 '   itemscope=\"itemscope\" itemtype=\"https:\/\/schema.org\/CreativeWork\" ><div class='avia_textblock av_inherit_color'  itemprop=\"text\" ><h3>Psychische Gesundheit &#8211; Arbeit &#8211; Pr\u00e4vention (PsyGAP)<\/h3>\n<p><span data-contrast=\"none\">Ziel des Projekts PsyGAP ist die St\u00e4rkung der psychischen Gesundheit bei der Arbeit \u00fcber eine menschengerechte Gestaltung<\/span>:<span data-ccp-props=\"{\"><br \/>\n<\/span><\/p>\n<ul>\n<li><span data-contrast=\"none\">Pr\u00e4vention <\/span><span data-contrast=\"none\">aus einer Hand denken \u2013 unabh\u00e4ngig von Leistungstr\u00e4gern<\/span><\/li>\n<li><span data-contrast=\"auto\">Prim\u00e4r-, Sekund\u00e4r-, Terti\u00e4rpr\u00e4vention und Rentenbezug besser vernetzen<\/span><\/li>\n<li><span data-contrast=\"auto\">Regelungsl\u00fccken im Arbeits- und Arbeitsschutzrecht sowie L\u00f6sungsans\u00e4tze identifizieren<\/span><\/li>\n<\/ul>\n<p>GAP steht dabei nicht nur f\u00fcr \u201cGesundheit \u2013 Arbeit \u2013 Pr\u00e4vention\u201d, sondern auch f\u00fcr die Pr\u00e4ventionsl\u00fccken (GAPs), die es zu identifizieren gilt.<\/p>\n<\/div><\/section><br \/>\n\n<style type=\"text\/css\" data-created_by=\"avia_inline_auto\" id=\"style-css-av-m7uhnm4m-6ba82cc9406b13e74385fb04d352fd4a\">\n#top .hr.hr-invisible.av-m7uhnm4m-6ba82cc9406b13e74385fb04d352fd4a{\nheight:5px;\n}\n<\/style>\n<div  class='hr av-m7uhnm4m-6ba82cc9406b13e74385fb04d352fd4a hr-invisible  avia-builder-el-9  el_after_av_textblock  el_before_av_button '><span class='hr-inner '><span class=\"hr-inner-style\"><\/span><\/span><\/div><br \/>\n<div  class='avia-button-wrap av-m7uhglbr-c56315adaf304067de51c9fe7eb1300d-wrap avia-button-center  avia-builder-el-10  el_after_av_hr  avia-builder-el-last '>\n<style type=\"text\/css\" data-created_by=\"avia_inline_auto\" id=\"style-css-av-m7uhglbr-c56315adaf304067de51c9fe7eb1300d\">\n#top #wrap_all .avia-button.av-m7uhglbr-c56315adaf304067de51c9fe7eb1300d{\nbackground-color:#001975;\nborder-color:#001975;\ncolor:#ffffff;\ntransition:all 0.4s ease-in-out;\n}\n<\/style>\n<a href='https:\/\/psygap.de\/' class='avia-button av-m7uhglbr-c56315adaf304067de51c9fe7eb1300d avia-icon_select-yes-left-icon avia-size-small avia-position-center' target=\"_blank\" rel=\"noopener noreferrer\"><span class='avia_button_icon avia_button_icon_left' aria-hidden='true' data-av_icon='\ue835' data-av_iconfont='entypo-fontello'><\/span><span class='avia_iconbox_title' >ZUR PROJEKTSEITE<\/span><\/a><\/div><\/p><\/div><\/div><!--close column table wrapper. Autoclose: 1 -->\n\n<style type=\"text\/css\" data-created_by=\"avia_inline_auto\" id=\"style-css-av-m6hrq3yx-9a43b3251f59e206e024333c5f3d9bb4\">\n#top .hr.hr-invisible.av-m6hrq3yx-9a43b3251f59e206e024333c5f3d9bb4{\nheight:80px;\n}\n<\/style>\n<div  class='hr av-m6hrq3yx-9a43b3251f59e206e024333c5f3d9bb4 hr-invisible  avia-builder-el-11  el_after_av_one_half  el_before_av_one_full '><span class='hr-inner '><span class=\"hr-inner-style\"><\/span><\/span><\/div>\n<div  class='flex_column av-1r1zq40-f7c9e2131aae5c8e3b3c641d1f10f9db av_one_full  avia-builder-el-12  el_after_av_hr  el_before_av_one_third  first flex_column_div  '     ><style type=\"text\/css\" data-created_by=\"avia_inline_auto\" id=\"style-css-av-m7ui3uus-e8788b6b292c8a2ac3d69fbc56eea0c8\">\n#top .av_textblock_section.av-m7ui3uus-e8788b6b292c8a2ac3d69fbc56eea0c8 .avia_textblock{\ncolor:#001975;\n}\n<\/style>\n<section  class='av_textblock_section av-m7ui3uus-e8788b6b292c8a2ac3d69fbc56eea0c8 '   itemscope=\"itemscope\" itemtype=\"https:\/\/schema.org\/CreativeWork\" ><div class='avia_textblock av_inherit_color'  itemprop=\"text\" ><h3>Direkt zu den aktuellen Projektergebnissen:<\/h3>\n<\/div><\/section><\/div>\n<div class='flex_column_table av-m7uhw73e-a781da2011ded1eae80496dbe130d74e sc-av_one_third av-equal-height-column-flextable'><div  class='flex_column av-m7uhw73e-a781da2011ded1eae80496dbe130d74e av_one_third  avia-builder-el-14  el_after_av_one_full  el_before_av_one_third  first flex_column_table_cell av-equal-height-column av-align-top  column-top-margin'     ><style type=\"text\/css\" data-created_by=\"avia_inline_auto\" id=\"style-css-av-m7uhv3rw-d2dab6ce9a24e83f80114888e0752121\">\n.avia-image-container.av-m7uhv3rw-d2dab6ce9a24e83f80114888e0752121 img.avia_image{\nbox-shadow:none;\n}\n.avia-image-container.av-m7uhv3rw-d2dab6ce9a24e83f80114888e0752121 .av-image-caption-overlay-center{\ncolor:#ffffff;\n}\n<\/style>\n<div  class='avia-image-container av-m7uhv3rw-d2dab6ce9a24e83f80114888e0752121 av-styling- avia-align-center  avia-builder-el-15  avia-builder-el-no-sibling '   itemprop=\"image\" itemscope=\"itemscope\" itemtype=\"https:\/\/schema.org\/ImageObject\" ><div class=\"avia-image-container-inner\"><div class=\"avia-image-overlay-wrap\"><a href=\"https:\/\/psygap.de\/portfolio-item\/karte-akteure\/\" class='avia_image' target=\"_blank\" rel=\"noopener noreferrer\" aria-label='Akteureweiss'><img decoding=\"async\" fetchpriority=\"high\" class='wp-image-6431 avia-img-lazy-loading-not-6431 avia_image ' src=\"https:\/\/praeventionsguidepsyche.de\/wp-content\/uploads\/2024\/03\/Akteureweiss-300x243.png\" alt='' title='Akteureweiss'  height=\"243\" width=\"300\"  itemprop=\"thumbnailUrl\" srcset=\"https:\/\/praeventionsguidepsyche.de\/wp-content\/uploads\/2024\/03\/Akteureweiss-300x243.png 300w, https:\/\/praeventionsguidepsyche.de\/wp-content\/uploads\/2024\/03\/Akteureweiss-768x621.png 768w, https:\/\/praeventionsguidepsyche.de\/wp-content\/uploads\/2024\/03\/Akteureweiss-495x400.png 495w, https:\/\/praeventionsguidepsyche.de\/wp-content\/uploads\/2024\/03\/Akteureweiss-845x684.png 845w, https:\/\/praeventionsguidepsyche.de\/wp-content\/uploads\/2024\/03\/Akteureweiss-705x570.png 705w, https:\/\/praeventionsguidepsyche.de\/wp-content\/uploads\/2024\/03\/Akteureweiss.png 906w\" sizes=\"(max-width: 300px) 100vw, 300px\" \/><\/a><\/div><\/div><\/div><\/div>\n<div class='av-flex-placeholder'><\/div><div  class='flex_column av-11kzw6o-7fec0cb0bf9480110e43977c2e3074ce av_one_third  avia-builder-el-16  el_after_av_one_third  el_before_av_one_third  flex_column_table_cell av-equal-height-column av-align-top  column-top-margin'     ><style type=\"text\/css\" data-created_by=\"avia_inline_auto\" id=\"style-css-av-m7uhvrxs-5320101e57b5e0be01c79e0781626b7b\">\n.avia-image-container.av-m7uhvrxs-5320101e57b5e0be01c79e0781626b7b img.avia_image{\nbox-shadow:none;\n}\n.avia-image-container.av-m7uhvrxs-5320101e57b5e0be01c79e0781626b7b .av-image-caption-overlay-center{\ncolor:#ffffff;\n}\n<\/style>\n<div  class='avia-image-container av-m7uhvrxs-5320101e57b5e0be01c79e0781626b7b av-styling- avia-align-center  avia-builder-el-17  avia-builder-el-no-sibling '   itemprop=\"image\" itemscope=\"itemscope\" itemtype=\"https:\/\/schema.org\/ImageObject\" ><div class=\"avia-image-container-inner\"><div class=\"avia-image-overlay-wrap\"><a href=\"https:\/\/psygap.de\/portfolio-item\/leitbegriffe\/\" class='avia_image'  aria-label='Leitbegriffe'><img decoding=\"async\" fetchpriority=\"high\" class='wp-image-6444 avia-img-lazy-loading-not-6444 avia_image ' src=\"https:\/\/praeventionsguidepsyche.de\/wp-content\/uploads\/2024\/03\/Leitbegriffe.svg\" alt='' title='Leitbegriffe'  height=\"242\" width=\"300\"  itemprop=\"thumbnailUrl\"  \/><\/a><\/div><\/div><\/div><\/div>\n<div class='av-flex-placeholder'><\/div><div  class='flex_column av-ot4oj4-3d788ae8f231e5b7b1a3471be4c1e2ac av_one_third  avia-builder-el-18  el_after_av_one_third  avia-builder-el-last  flex_column_table_cell av-equal-height-column av-align-top  column-top-margin'     ><style type=\"text\/css\" data-created_by=\"avia_inline_auto\" id=\"style-css-av-m7uhwuvq-20ec60046944433354e2f63c7e54e0a5\">\n.avia-image-container.av-m7uhwuvq-20ec60046944433354e2f63c7e54e0a5 img.avia_image{\nbox-shadow:none;\n}\n.avia-image-container.av-m7uhwuvq-20ec60046944433354e2f63c7e54e0a5 .av-image-caption-overlay-center{\ncolor:#ffffff;\n}\n<\/style>\n<div  class='avia-image-container av-m7uhwuvq-20ec60046944433354e2f63c7e54e0a5 av-styling- avia-align-center  avia-builder-el-19  avia-builder-el-no-sibling '   itemprop=\"image\" itemscope=\"itemscope\" itemtype=\"https:\/\/schema.org\/ImageObject\" ><div class=\"avia-image-container-inner\"><div class=\"avia-image-overlay-wrap\"><a href=\"https:\/\/psygap.de\/portfolio-item\/psygap-de-portfolio-item-zugaenge-zu-praeventions-und-reha-angeboten\/\" class='avia_image'  aria-label='Zug\u00e4ngeweiss'><img decoding=\"async\" fetchpriority=\"high\" class='wp-image-12655 avia-img-lazy-loading-not-12655 avia_image ' src=\"https:\/\/praeventionsguidepsyche.de\/wp-content\/uploads\/2024\/09\/Zugaengeweiss-300x242.png\" alt='' title='Zug\u00e4ngeweiss'  height=\"242\" width=\"300\"  itemprop=\"thumbnailUrl\" srcset=\"https:\/\/praeventionsguidepsyche.de\/wp-content\/uploads\/2024\/09\/Zugaengeweiss-300x242.png 300w, https:\/\/praeventionsguidepsyche.de\/wp-content\/uploads\/2024\/09\/Zugaengeweiss-768x621.png 768w, https:\/\/praeventionsguidepsyche.de\/wp-content\/uploads\/2024\/09\/Zugaengeweiss-495x400.png 495w, https:\/\/praeventionsguidepsyche.de\/wp-content\/uploads\/2024\/09\/Zugaengeweiss-845x684.png 845w, https:\/\/praeventionsguidepsyche.de\/wp-content\/uploads\/2024\/09\/Zugaengeweiss-705x570.png 705w, https:\/\/praeventionsguidepsyche.de\/wp-content\/uploads\/2024\/09\/Zugaengeweiss.png 907w\" sizes=\"(max-width: 300px) 100vw, 300px\" \/><\/a><\/div><\/div><\/div><\/div><\/div><!--close column table wrapper. Autoclose: 1 -->\n","protected":false},"excerpt":{"rendered":"","protected":false},"author":4,"featured_media":0,"parent":0,"menu_order":0,"comment_status":"closed","ping_status":"closed","template":"","meta":{"inline_featured_image":false,"_uf_show_specific_survey":0,"_uf_disable_surveys":false,"footnotes":""},"class_list":["post-15504","page","type-page","status-publish","hentry"],"yoast_head":"<!-- This site is optimized with the Yoast SEO plugin v27.1.1 - https:\/\/yoast.com\/product\/yoast-seo-wordpress\/ -->\n<title>PsyGAP - Pr\u00e4ventionsguide Psyche<\/title>\n<meta name=\"robots\" content=\"index, follow, max-snippet:-1, max-image-preview:large, max-video-preview:-1\" \/>\n<link rel=\"canonical\" href=\"https:\/\/praeventionsguidepsyche.de\/index.php\/psygap\/\" \/>\n<meta property=\"og:locale\" content=\"de_DE\" \/>\n<meta property=\"og:type\" content=\"article\" \/>\n<meta property=\"og:title\" content=\"PsyGAP - Pr\u00e4ventionsguide Psyche\" \/>\n<meta property=\"og:url\" content=\"https:\/\/praeventionsguidepsyche.de\/index.php\/psygap\/\" \/>\n<meta property=\"og:site_name\" content=\"Pr\u00e4ventionsguide Psyche\" \/>\n<meta property=\"article:modified_time\" content=\"2026-01-22T17:36:44+00:00\" \/>\n<meta name=\"twitter:card\" content=\"summary_large_image\" \/>\n<meta name=\"twitter:label1\" content=\"Gesch\u00e4tzte Lesezeit\" \/>\n\t<meta name=\"twitter:data1\" content=\"28\u00a0Minuten\" \/>\n<script type=\"application\/ld+json\" class=\"yoast-schema-graph\">{\"@context\":\"https:\/\/schema.org\",\"@graph\":[{\"@type\":\"WebPage\",\"@id\":\"https:\/\/praeventionsguidepsyche.de\/index.php\/psygap\/\",\"url\":\"https:\/\/praeventionsguidepsyche.de\/index.php\/psygap\/\",\"name\":\"PsyGAP - Pr\u00e4ventionsguide Psyche\",\"isPartOf\":{\"@id\":\"https:\/\/praeventionsguidepsyche.de\/#website\"},\"datePublished\":\"2025-03-04T13:06:57+00:00\",\"dateModified\":\"2026-01-22T17:36:44+00:00\",\"breadcrumb\":{\"@id\":\"https:\/\/praeventionsguidepsyche.de\/index.php\/psygap\/#breadcrumb\"},\"inLanguage\":\"de\",\"potentialAction\":[{\"@type\":\"ReadAction\",\"target\":[\"https:\/\/praeventionsguidepsyche.de\/index.php\/psygap\/\"]}]},{\"@type\":\"BreadcrumbList\",\"@id\":\"https:\/\/praeventionsguidepsyche.de\/index.php\/psygap\/#breadcrumb\",\"itemListElement\":[{\"@type\":\"ListItem\",\"position\":1,\"name\":\"Start\",\"item\":\"https:\/\/praeventionsguidepsyche.de\/index.php\/start\/\"},{\"@type\":\"ListItem\",\"position\":2,\"name\":\"PsyGAP\"}]},{\"@type\":\"WebSite\",\"@id\":\"https:\/\/praeventionsguidepsyche.de\/#website\",\"url\":\"https:\/\/praeventionsguidepsyche.de\/\",\"name\":\"Pr\u00e4ventionsguide Psyche\",\"description\":\"\",\"potentialAction\":[{\"@type\":\"SearchAction\",\"target\":{\"@type\":\"EntryPoint\",\"urlTemplate\":\"https:\/\/praeventionsguidepsyche.de\/?s={search_term_string}\"},\"query-input\":{\"@type\":\"PropertyValueSpecification\",\"valueRequired\":true,\"valueName\":\"search_term_string\"}}],\"inLanguage\":\"de\"}]}<\/script>\n<!-- \/ Yoast SEO plugin. -->","yoast_head_json":{"title":"PsyGAP - Pr\u00e4ventionsguide Psyche","robots":{"index":"index","follow":"follow","max-snippet":"max-snippet:-1","max-image-preview":"max-image-preview:large","max-video-preview":"max-video-preview:-1"},"canonical":"https:\/\/praeventionsguidepsyche.de\/index.php\/psygap\/","og_locale":"de_DE","og_type":"article","og_title":"PsyGAP - Pr\u00e4ventionsguide Psyche","og_url":"https:\/\/praeventionsguidepsyche.de\/index.php\/psygap\/","og_site_name":"Pr\u00e4ventionsguide Psyche","article_modified_time":"2026-01-22T17:36:44+00:00","twitter_card":"summary_large_image","twitter_misc":{"Gesch\u00e4tzte Lesezeit":"28\u00a0Minuten"},"schema":{"@context":"https:\/\/schema.org","@graph":[{"@type":"WebPage","@id":"https:\/\/praeventionsguidepsyche.de\/index.php\/psygap\/","url":"https:\/\/praeventionsguidepsyche.de\/index.php\/psygap\/","name":"PsyGAP - Pr\u00e4ventionsguide Psyche","isPartOf":{"@id":"https:\/\/praeventionsguidepsyche.de\/#website"},"datePublished":"2025-03-04T13:06:57+00:00","dateModified":"2026-01-22T17:36:44+00:00","breadcrumb":{"@id":"https:\/\/praeventionsguidepsyche.de\/index.php\/psygap\/#breadcrumb"},"inLanguage":"de","potentialAction":[{"@type":"ReadAction","target":["https:\/\/praeventionsguidepsyche.de\/index.php\/psygap\/"]}]},{"@type":"BreadcrumbList","@id":"https:\/\/praeventionsguidepsyche.de\/index.php\/psygap\/#breadcrumb","itemListElement":[{"@type":"ListItem","position":1,"name":"Start","item":"https:\/\/praeventionsguidepsyche.de\/index.php\/start\/"},{"@type":"ListItem","position":2,"name":"PsyGAP"}]},{"@type":"WebSite","@id":"https:\/\/praeventionsguidepsyche.de\/#website","url":"https:\/\/praeventionsguidepsyche.de\/","name":"Pr\u00e4ventionsguide Psyche","description":"","potentialAction":[{"@type":"SearchAction","target":{"@type":"EntryPoint","urlTemplate":"https:\/\/praeventionsguidepsyche.de\/?s={search_term_string}"},"query-input":{"@type":"PropertyValueSpecification","valueRequired":true,"valueName":"search_term_string"}}],"inLanguage":"de"}]}},"jetpack-related-posts":[],"jetpack_sharing_enabled":true,"_links":{"self":[{"href":"https:\/\/praeventionsguidepsyche.de\/index.php\/wp-json\/wp\/v2\/pages\/15504","targetHints":{"allow":["GET"]}}],"collection":[{"href":"https:\/\/praeventionsguidepsyche.de\/index.php\/wp-json\/wp\/v2\/pages"}],"about":[{"href":"https:\/\/praeventionsguidepsyche.de\/index.php\/wp-json\/wp\/v2\/types\/page"}],"author":[{"embeddable":true,"href":"https:\/\/praeventionsguidepsyche.de\/index.php\/wp-json\/wp\/v2\/users\/4"}],"replies":[{"embeddable":true,"href":"https:\/\/praeventionsguidepsyche.de\/index.php\/wp-json\/wp\/v2\/comments?post=15504"}],"version-history":[{"count":18,"href":"https:\/\/praeventionsguidepsyche.de\/index.php\/wp-json\/wp\/v2\/pages\/15504\/revisions"}],"predecessor-version":[{"id":16081,"href":"https:\/\/praeventionsguidepsyche.de\/index.php\/wp-json\/wp\/v2\/pages\/15504\/revisions\/16081"}],"wp:attachment":[{"href":"https:\/\/praeventionsguidepsyche.de\/index.php\/wp-json\/wp\/v2\/media?parent=15504"}],"curies":[{"name":"wp","href":"https:\/\/api.w.org\/{rel}","templated":true}]}}